{"id":2887,"date":"2017-03-08T13:44:20","date_gmt":"2017-03-08T13:44:20","guid":{"rendered":"https:\/\/dpms-media.fr\/maison-milou\/work\/"},"modified":"2023-07-24T08:28:10","modified_gmt":"2023-07-24T06:28:10","slug":"work","status":"publish","type":"page","link":"https:\/\/maison-milou.beynacrentals.com\/en\/","title":{"rendered":"Home"},"content":{"rendered":"<div id='av_section_1'  class='avia-section av-3tr3s0-b0fb13345ad7e2d018ef748bd01c26eb main_color avia-section-small avia-no-border-styling  avia-builder-el-0  el_before_av_section  avia-builder-el-first  avia-bg-style-scroll container_wrap sidebar_right'  ><div class='container av-section-cont-open' ><main  role=\"main\" itemprop=\"mainContentOfPage\"  class='template-page content  av-content-small alpha units'><div class='post-entry post-entry-type-page post-entry-2887'><div class='entry-content-wrapper clearfix'>\n<div  class='flex_column av-2ks0qo-912c853f0b651ee9824f569784879a2d av_one_full  avia-builder-el-1  avia-builder-el-no-sibling  first flex_column_div  '     ><section  class='av_textblock_section av-ktvkkabe-07ed8c7f4f15d30db27274ff65fac8fd '   itemscope=\"itemscope\" itemtype=\"https:\/\/schema.org\/CreativeWork\" ><div class='avia_textblock'  itemprop=\"text\" ><h1 style=\"text-align: center\"><span style=\"color: #5b732e\">MAISON MILOU<\/span><\/h1>\n<p style=\"text-align: center\">Haven of peace nestled in the green nature of the Black P\u00e9rigord a stone\u2019s throw from Beynac. A cozy accommodation with a private swimming pool perfect for families.<\/p>\n<\/div><\/section><\/div><\/div><\/div><\/main><!-- close content main element --><\/div><\/div><div id='av_section_2'  class='avia-section av-4cr1ow-d8603e190126888a03973bde7d293c7f main_color avia-section-no-padding avia-no-border-styling  avia-builder-el-3  el_after_av_section  avia-builder-el-last  avia-bg-style-scroll container_wrap sidebar_right'  ><div class='container av-section-cont-open' ><div class='template-page content  av-content-small alpha units'><div class='post-entry post-entry-type-page post-entry-2887'><div class='entry-content-wrapper clearfix'>\n\n<style type=\"text\/css\" data-created_by=\"avia_inline_auto\" id=\"style-css-av-1upnvk-f4a397615faf99fe252b1c3137251795\">\n#top .flex_column.av-1upnvk-f4a397615faf99fe252b1c3137251795{\nmargin-top:0px;\nmargin-bottom:0px;\n}\n.flex_column.av-1upnvk-f4a397615faf99fe252b1c3137251795{\nborder-radius:0px 0px 0px 0px;\npadding:0px 0px 0px 0px;\n}\n.responsive #top #wrap_all .flex_column.av-1upnvk-f4a397615faf99fe252b1c3137251795{\nmargin-top:0px;\nmargin-bottom:0px;\n}\n<\/style>\n<div  class='flex_column av-1upnvk-f4a397615faf99fe252b1c3137251795 av_one_full  avia-builder-el-4  el_before_av_hr  avia-builder-el-first  first flex_column_div av-zero-column-padding  '     ><div id='av-masonry-1' class='av-masonry av-ktts33y2-2a8fbe90df6a1ed35b023d34c9366092 noHover av-fixed-size av-large-gap av-hover-overlay-active av-masonry-animation-active av-masonry-col-4 av-caption-on-hover av-caption-style-overlay av-masonry-entries ' data-post_id=\"2887\"><div class=\"av-masonry-container isotope av-js-disabled\"><div class='av-masonry-entry isotope-item av-masonry-item-no-image '><\/div><a href=\"https:\/\/dpms-media.fr\/maison-milou\/description\/#chambres\"  id='av-masonry-1-item-2953' data-av-masonry-item='2953' class='av-masonry-entry isotope-item post-2953 portfolio type-portfolio status-publish has-post-thumbnail hentry tag-landscape-en portfolio_entries-presentation-en  av-masonry-item-with-image av-landscape-img' title=\"Piscine-1-800&#215;335\"   itemscope=\"itemscope\" itemtype=\"https:\/\/schema.org\/CreativeWork\" ><div class='av-inner-masonry-sizer'><\/div><figure class='av-inner-masonry main_color'><div class=\"av-masonry-outerimage-container\"><div class='av-masonry-image-container' style=\"background-image: url(https:\/\/dpms-media.fr\/maison-milou\/wp-content\/uploads\/sites\/42\/2017\/03\/Piscine-1-800x335-1-705x295.jpg);\"  title=\"Piscine-1-800&#215;335\" ><\/div><\/div><\/figure><\/a><!--end av-masonry entry--><a href=\"https:\/\/dpms-media.fr\/maison-milou\/description\/#salon\"  id='av-masonry-1-item-2951' data-av-masonry-item='2951' class='av-masonry-entry isotope-item post-2951 portfolio type-portfolio status-publish has-post-thumbnail hentry portfolio_entries-presentation-en  av-masonry-item-with-image av-grid-img' title=\"Chambre-5-650&#215;470\"   itemscope=\"itemscope\" itemtype=\"https:\/\/schema.org\/CreativeWork\" ><div class='av-inner-masonry-sizer'><\/div><figure class='av-inner-masonry main_color'><div class=\"av-masonry-outerimage-container\"><div class='av-masonry-image-container' style=\"background-image: url(https:\/\/dpms-media.fr\/maison-milou\/wp-content\/uploads\/sites\/42\/2021\/11\/Chambre-5-650x470-1.jpg);\"  title=\"Chambre-5-650&#215;470\" ><\/div><\/div><\/figure><\/a><!--end av-masonry entry--><a href=\"https:\/\/dpms-media.fr\/maison-milou\/description\/#salon\"  id='av-masonry-1-item-2911' data-av-masonry-item='2911' class='av-masonry-entry isotope-item post-2911 portfolio type-portfolio status-publish has-post-thumbnail hentry tag-landscape-en tag-portrait-en portfolio_entries-presentation-en  av-masonry-item-with-image av-portrait-img av-landscape-img' title=\"Maison-2-750&#215;500\"   itemscope=\"itemscope\" itemtype=\"https:\/\/schema.org\/CreativeWork\" ><div class='av-inner-masonry-sizer'><\/div><figure class='av-inner-masonry main_color'><div class=\"av-masonry-outerimage-container\"><div class='av-masonry-image-container' style=\"background-image: url(https:\/\/dpms-media.fr\/maison-milou\/wp-content\/uploads\/sites\/42\/2017\/03\/Screen-Shot-2023-03-23-at-6.42.32-AM.png);\"  title=\"Maison-2-750&#215;500\" ><\/div><\/div><\/figure><\/a><!--end av-masonry entry--><a href=\"https:\/\/dpms-media.fr\/maison-milou\/description\/#jardin\"  id='av-masonry-1-item-2913' data-av-masonry-item='2913' class='av-masonry-entry isotope-item post-2913 portfolio type-portfolio status-publish has-post-thumbnail hentry tag-portrait-en portfolio_entries-presentation-en  av-masonry-item-with-image av-portrait-img' title=\"Salon-1-470&#215;705\"   itemscope=\"itemscope\" itemtype=\"https:\/\/schema.org\/CreativeWork\" ><div class='av-inner-masonry-sizer'><\/div><figure class='av-inner-masonry main_color'><div class=\"av-masonry-outerimage-container\"><div class='av-masonry-image-container' style=\"background-image: url(https:\/\/dpms-media.fr\/maison-milou\/wp-content\/uploads\/sites\/42\/2017\/03\/Salon-1-470x705-1.jpg);\"  title=\"Salon-1-470&#215;705\" ><\/div><\/div><\/figure><\/a><!--end av-masonry entry--><a href=\"https:\/\/dpms-media.fr\/maison-milou\/contact\/\"  id='av-masonry-1-item-2914' data-av-masonry-item='2914' class='av-masonry-entry isotope-item post-2914 portfolio type-portfolio status-publish has-post-thumbnail hentry portfolio_entries-presentation-en  av-masonry-item-with-image av-grid-img' title=\"Carte-Maison-Milou-600&#215;470\"   itemscope=\"itemscope\" itemtype=\"https:\/\/schema.org\/CreativeWork\" ><div class='av-inner-masonry-sizer'><\/div><figure class='av-inner-masonry main_color'><div class=\"av-masonry-outerimage-container\"><div class='av-masonry-image-container' style=\"background-image: url(https:\/\/dpms-media.fr\/maison-milou\/wp-content\/uploads\/sites\/42\/2017\/03\/P1080148-Copie-en-conflit-de-au.png);\"  title=\"Carte-Maison-Milou-600&#215;470\" ><\/div><\/div><\/figure><\/a><!--end av-masonry entry--><a href=\"https:\/\/dpms-media.fr\/maison-milou\/description\/#jardin\"  id='av-masonry-1-item-2985' data-av-masonry-item='2985' class='av-masonry-entry isotope-item post-2985 portfolio type-portfolio status-publish has-post-thumbnail hentry tag-portrait-en portfolio_entries-presentation-en  av-masonry-item-with-image av-portrait-img' title=\"Maison-1-470&#215;705\"   itemscope=\"itemscope\" itemtype=\"https:\/\/schema.org\/CreativeWork\" ><div class='av-inner-masonry-sizer'><\/div><figure class='av-inner-masonry main_color'><div class=\"av-masonry-outerimage-container\"><div class='av-masonry-image-container' style=\"background-image: url(https:\/\/dpms-media.fr\/maison-milou\/wp-content\/uploads\/sites\/42\/2017\/03\/Maison-1-470x705-1.jpg);\"  title=\"Maison-1-470&#215;705\" ><\/div><\/div><\/figure><\/a><!--end av-masonry entry--><a href=\"https:\/\/dpms-media.fr\/maison-milou\/description\/#chambres\"  id='av-masonry-1-item-2955' data-av-masonry-item='2955' class='av-masonry-entry isotope-item post-2955 portfolio type-portfolio status-publish has-post-thumbnail hentry portfolio_entries-presentation-en  av-masonry-item-with-image av-grid-img' title=\"Village-1-650&#215;470\"   itemscope=\"itemscope\" itemtype=\"https:\/\/schema.org\/CreativeWork\" ><div class='av-inner-masonry-sizer'><\/div><figure class='av-inner-masonry main_color'><div class=\"av-masonry-outerimage-container\"><div class='av-masonry-image-container' style=\"background-image: url(https:\/\/dpms-media.fr\/maison-milou\/wp-content\/uploads\/sites\/42\/2021\/11\/Village-1-650x470-1.jpg);\"  title=\"Village-1-650&#215;470\" ><\/div><\/div><\/figure><\/a><!--end av-masonry entry--><a href=\"https:\/\/dpms-media.fr\/maison-milou\/description\/#jardin\"  id='av-masonry-1-item-2958' data-av-masonry-item='2958' class='av-masonry-entry isotope-item post-2958 portfolio type-portfolio status-publish has-post-thumbnail hentry portfolio_entries-presentation-en  av-masonry-item-with-image av-grid-img' title=\"Chambre-4-650&#215;470\"   itemscope=\"itemscope\" itemtype=\"https:\/\/schema.org\/CreativeWork\" ><div class='av-inner-masonry-sizer'><\/div><figure class='av-inner-masonry main_color'><div class=\"av-masonry-outerimage-container\"><div class='av-masonry-image-container' style=\"background-image: url(https:\/\/dpms-media.fr\/maison-milou\/wp-content\/uploads\/sites\/42\/2021\/11\/Chambre-4-650x470-1.jpg);\"  title=\"Chambre-4-650&#215;470\" ><\/div><\/div><\/figure><\/a><!--end av-masonry entry--><a href=\"https:\/\/dpms-media.fr\/maison-milou\/description\/#jardin\"  id='av-masonry-1-item-2961' data-av-masonry-item='2961' class='av-masonry-entry isotope-item post-2961 portfolio type-portfolio status-publish has-post-thumbnail hentry portfolio_entries-presentation-en  av-masonry-item-with-image av-grid-img' title=\"Maison-8-650&#215;470\"   itemscope=\"itemscope\" itemtype=\"https:\/\/schema.org\/CreativeWork\" ><div class='av-inner-masonry-sizer'><\/div><figure class='av-inner-masonry main_color'><div class=\"av-masonry-outerimage-container\"><div class='av-masonry-image-container' style=\"background-image: url(https:\/\/dpms-media.fr\/maison-milou\/wp-content\/uploads\/sites\/42\/2021\/11\/Maison-8-650x470-1.jpg);\"  title=\"Maison-8-650&#215;470\" ><\/div><\/div><\/figure><\/a><!--end av-masonry entry--><a href=\"https:\/\/dpms-media.fr\/maison-milou\/description\/#salon\"  id='av-masonry-1-item-2971' data-av-masonry-item='2971' class='av-masonry-entry isotope-item post-2971 portfolio type-portfolio status-publish has-post-thumbnail hentry portfolio_entries-presentation-en  av-masonry-item-with-image av-grid-img' title=\"Cuisine-2-650&#215;470\"   itemscope=\"itemscope\" itemtype=\"https:\/\/schema.org\/CreativeWork\" ><div class='av-inner-masonry-sizer'><\/div><figure class='av-inner-masonry main_color'><div class=\"av-masonry-outerimage-container\"><div class='av-masonry-image-container' style=\"background-image: url(https:\/\/dpms-media.fr\/maison-milou\/wp-content\/uploads\/sites\/42\/2021\/11\/Cuisine-2-650x470-1.jpg);\"  title=\"Cuisine-2-650&#215;470\" ><\/div><\/div><\/figure><\/a><!--end av-masonry entry--><\/div><\/div><\/div>\n<style type=\"text\/css\" data-created_by=\"avia_inline_auto\" id=\"style-css-av-kwb2dg8w-5796a0e655e322230cf7959fd9681362\">\n#top .hr.hr-invisible.av-kwb2dg8w-5796a0e655e322230cf7959fd9681362{\nheight:30px;\n}\n<\/style>\n<div  class='hr av-kwb2dg8w-5796a0e655e322230cf7959fd9681362 hr-invisible  avia-builder-el-6  el_after_av_one_full  avia-builder-el-last '><span class='hr-inner '><span class=\"hr-inner-style\"><\/span><\/span><\/div>\n<\/div><\/div><\/div><!-- close content main div --><\/div><\/div><div id='after_section_2'  class='main_color av_default_container_wrap container_wrap sidebar_right'  ><div class='container av-section-cont-open' ><div class='template-page content  av-content-small alpha units'><div class='post-entry post-entry-type-page post-entry-2887'><div class='entry-content-wrapper clearfix'><\/p>\n","protected":false},"excerpt":{"rendered":"","protected":false},"author":2,"featured_media":2868,"parent":0,"menu_order":0,"comment_status":"closed","ping_status":"closed","template":"","meta":{"footnotes":""},"class_list":["post-2887","page","type-page","status-publish","has-post-thumbnail","hentry"],"yoast_head":"<!-- This site is optimized with the Yoast SEO plugin v27.6 - https:\/\/yoast.com\/product\/yoast-seo-wordpress\/ -->\n<title>Home - G\u00eete Maison Milou - Le P\u00e9rigord noir<\/title>\n<meta name=\"robots\" content=\"index, follow, max-snippet:-1, max-image-preview:large, max-video-preview:-1\" \/>\n<link rel=\"canonical\" href=\"https:\/\/maison-milou.beynacrentals.com\/en\/\" \/>\n<meta property=\"og:locale\" content=\"en_US\" \/>\n<meta property=\"og:type\" content=\"article\" \/>\n<meta property=\"og:title\" content=\"Home - G\u00eete Maison Milou - Le P\u00e9rigord noir\" \/>\n<meta property=\"og:url\" content=\"https:\/\/maison-milou.beynacrentals.com\/en\/\" \/>\n<meta property=\"og:site_name\" content=\"G\u00eete Maison Milou - Le P\u00e9rigord noir\" \/>\n<meta property=\"article:modified_time\" content=\"2023-07-24T06:28:10+00:00\" \/>\n<meta property=\"og:image\" content=\"https:\/\/dpms-media.fr\/maison-milou\/wp-content\/uploads\/sites\/42\/2017\/03\/Screen-Shot-2023-03-23-at-6.42.32-AM.png\" \/>\n\t<meta property=\"og:image:width\" content=\"750\" \/>\n\t<meta property=\"og:image:height\" content=\"500\" \/>\n\t<meta property=\"og:image:type\" content=\"image\/jpeg\" \/>\n<meta name=\"twitter:card\" content=\"summary_large_image\" \/>\n<meta name=\"twitter:label1\" content=\"Est. reading time\" \/>\n\t<meta name=\"twitter:data1\" content=\"2 minutes\" \/>\n<script type=\"application\/ld+json\" class=\"yoast-schema-graph\">{\"@context\":\"https:\\\/\\\/schema.org\",\"@graph\":[{\"@type\":\"WebPage\",\"@id\":\"https:\\\/\\\/maison-milou.beynacrentals.com\\\/en\\\/\",\"url\":\"https:\\\/\\\/maison-milou.beynacrentals.com\\\/en\\\/\",\"name\":\"Home - G\u00eete Maison Milou - Le P\u00e9rigord noir\",\"isPartOf\":{\"@id\":\"https:\\\/\\\/maison-milou.beynacrentals.com\\\/#website\"},\"primaryImageOfPage\":{\"@id\":\"https:\\\/\\\/maison-milou.beynacrentals.com\\\/en\\\/#primaryimage\"},\"image\":{\"@id\":\"https:\\\/\\\/maison-milou.beynacrentals.com\\\/en\\\/#primaryimage\"},\"thumbnailUrl\":\"https:\\\/\\\/dpms-media.fr\\\/maison-milou\\\/wp-content\\\/uploads\\\/sites\\\/42\\\/2017\\\/03\\\/Screen-Shot-2023-03-23-at-6.42.32-AM.png\",\"datePublished\":\"2017-03-08T13:44:20+00:00\",\"dateModified\":\"2023-07-24T06:28:10+00:00\",\"breadcrumb\":{\"@id\":\"https:\\\/\\\/maison-milou.beynacrentals.com\\\/en\\\/#breadcrumb\"},\"inLanguage\":\"en-US\",\"potentialAction\":[{\"@type\":\"ReadAction\",\"target\":[\"https:\\\/\\\/maison-milou.beynacrentals.com\\\/en\\\/\"]}]},{\"@type\":\"ImageObject\",\"inLanguage\":\"en-US\",\"@id\":\"https:\\\/\\\/maison-milou.beynacrentals.com\\\/en\\\/#primaryimage\",\"url\":\"https:\\\/\\\/dpms-media.fr\\\/maison-milou\\\/wp-content\\\/uploads\\\/sites\\\/42\\\/2017\\\/03\\\/Screen-Shot-2023-03-23-at-6.42.32-AM.png\",\"contentUrl\":\"https:\\\/\\\/dpms-media.fr\\\/maison-milou\\\/wp-content\\\/uploads\\\/sites\\\/42\\\/2017\\\/03\\\/Screen-Shot-2023-03-23-at-6.42.32-AM.png\",\"width\":750,\"height\":500},{\"@type\":\"BreadcrumbList\",\"@id\":\"https:\\\/\\\/maison-milou.beynacrentals.com\\\/en\\\/#breadcrumb\",\"itemListElement\":[{\"@type\":\"ListItem\",\"position\":1,\"name\":\"Accueil\",\"item\":\"https:\\\/\\\/maison-milou.beynacrentals.com\\\/en\\\/\"},{\"@type\":\"ListItem\",\"position\":2,\"name\":\"Home\"}]},{\"@type\":\"WebSite\",\"@id\":\"https:\\\/\\\/maison-milou.beynacrentals.com\\\/#website\",\"url\":\"https:\\\/\\\/maison-milou.beynacrentals.com\\\/\",\"name\":\"G\u00eete Maison Milou - Le P\u00e9rigord noir\",\"description\":\"Maison Milou - g\u00eete de charme en Aquitaine - Beynac Rentals\",\"potentialAction\":[{\"@type\":\"SearchAction\",\"target\":{\"@type\":\"EntryPoint\",\"urlTemplate\":\"https:\\\/\\\/maison-milou.beynacrentals.com\\\/?s={search_term_string}\"},\"query-input\":{\"@type\":\"PropertyValueSpecification\",\"valueRequired\":true,\"valueName\":\"search_term_string\"}}],\"inLanguage\":\"en-US\"}]}<\/script>\n<!-- \/ Yoast SEO plugin. -->","yoast_head_json":{"title":"Home - G\u00eete Maison Milou - Le P\u00e9rigord noir","robots":{"index":"index","follow":"follow","max-snippet":"max-snippet:-1","max-image-preview":"max-image-preview:large","max-video-preview":"max-video-preview:-1"},"canonical":"https:\/\/maison-milou.beynacrentals.com\/en\/","og_locale":"en_US","og_type":"article","og_title":"Home - G\u00eete Maison Milou - Le P\u00e9rigord noir","og_url":"https:\/\/maison-milou.beynacrentals.com\/en\/","og_site_name":"G\u00eete Maison Milou - Le P\u00e9rigord noir","article_modified_time":"2023-07-24T06:28:10+00:00","og_image":[{"width":750,"height":500,"url":"https:\/\/dpms-media.fr\/maison-milou\/wp-content\/uploads\/sites\/42\/2017\/03\/Screen-Shot-2023-03-23-at-6.42.32-AM.png","type":"image\/jpeg"}],"twitter_card":"summary_large_image","twitter_misc":{"Est. reading time":"2 minutes"},"schema":{"@context":"https:\/\/schema.org","@graph":[{"@type":"WebPage","@id":"https:\/\/maison-milou.beynacrentals.com\/en\/","url":"https:\/\/maison-milou.beynacrentals.com\/en\/","name":"Home - G\u00eete Maison Milou - Le P\u00e9rigord noir","isPartOf":{"@id":"https:\/\/maison-milou.beynacrentals.com\/#website"},"primaryImageOfPage":{"@id":"https:\/\/maison-milou.beynacrentals.com\/en\/#primaryimage"},"image":{"@id":"https:\/\/maison-milou.beynacrentals.com\/en\/#primaryimage"},"thumbnailUrl":"https:\/\/dpms-media.fr\/maison-milou\/wp-content\/uploads\/sites\/42\/2017\/03\/Screen-Shot-2023-03-23-at-6.42.32-AM.png","datePublished":"2017-03-08T13:44:20+00:00","dateModified":"2023-07-24T06:28:10+00:00","breadcrumb":{"@id":"https:\/\/maison-milou.beynacrentals.com\/en\/#breadcrumb"},"inLanguage":"en-US","potentialAction":[{"@type":"ReadAction","target":["https:\/\/maison-milou.beynacrentals.com\/en\/"]}]},{"@type":"ImageObject","inLanguage":"en-US","@id":"https:\/\/maison-milou.beynacrentals.com\/en\/#primaryimage","url":"https:\/\/dpms-media.fr\/maison-milou\/wp-content\/uploads\/sites\/42\/2017\/03\/Screen-Shot-2023-03-23-at-6.42.32-AM.png","contentUrl":"https:\/\/dpms-media.fr\/maison-milou\/wp-content\/uploads\/sites\/42\/2017\/03\/Screen-Shot-2023-03-23-at-6.42.32-AM.png","width":750,"height":500},{"@type":"BreadcrumbList","@id":"https:\/\/maison-milou.beynacrentals.com\/en\/#breadcrumb","itemListElement":[{"@type":"ListItem","position":1,"name":"Accueil","item":"https:\/\/maison-milou.beynacrentals.com\/en\/"},{"@type":"ListItem","position":2,"name":"Home"}]},{"@type":"WebSite","@id":"https:\/\/maison-milou.beynacrentals.com\/#website","url":"https:\/\/maison-milou.beynacrentals.com\/","name":"G\u00eete Maison Milou - Le P\u00e9rigord noir","description":"Maison Milou - g\u00eete de charme en Aquitaine - Beynac Rentals","potentialAction":[{"@type":"SearchAction","target":{"@type":"EntryPoint","urlTemplate":"https:\/\/maison-milou.beynacrentals.com\/?s={search_term_string}"},"query-input":{"@type":"PropertyValueSpecification","valueRequired":true,"valueName":"search_term_string"}}],"inLanguage":"en-US"}]}},"_links":{"self":[{"href":"https:\/\/maison-milou.beynacrentals.com\/en\/wp-json\/wp\/v2\/pages\/2887","targetHints":{"allow":["GET"]}}],"collection":[{"href":"https:\/\/maison-milou.beynacrentals.com\/en\/wp-json\/wp\/v2\/pages"}],"about":[{"href":"https:\/\/maison-milou.beynacrentals.com\/en\/wp-json\/wp\/v2\/types\/page"}],"author":[{"embeddable":true,"href":"https:\/\/maison-milou.beynacrentals.com\/en\/wp-json\/wp\/v2\/users\/2"}],"replies":[{"embeddable":true,"href":"https:\/\/maison-milou.beynacrentals.com\/en\/wp-json\/wp\/v2\/comments?post=2887"}],"version-history":[{"count":3,"href":"https:\/\/maison-milou.beynacrentals.com\/en\/wp-json\/wp\/v2\/pages\/2887\/revisions"}],"predecessor-version":[{"id":3107,"href":"https:\/\/maison-milou.beynacrentals.com\/en\/wp-json\/wp\/v2\/pages\/2887\/revisions\/3107"}],"wp:featuredmedia":[{"embeddable":true,"href":"https:\/\/maison-milou.beynacrentals.com\/en\/wp-json\/wp\/v2\/media\/2868"}],"wp:attachment":[{"href":"https:\/\/maison-milou.beynacrentals.com\/en\/wp-json\/wp\/v2\/media?parent=2887"}],"curies":[{"name":"wp","href":"https:\/\/api.w.org\/{rel}","templated":true}]}}